{"id":74,"date":"2007-11-12T22:26:20","date_gmt":"2007-11-13T06:26:20","guid":{"rendered":"http:\/\/www.guachiman.net\/blog\/joomla-experiments\/"},"modified":"2007-12-29T23:15:40","modified_gmt":"2007-12-30T07:15:40","slug":"jota","status":"publish","type":"page","link":"https:\/\/www.guachiman.net\/blog\/jota\/","title":{"rendered":"Jota!"},"content":{"rendered":"<p><img decoding=\"async\" src=\"http:\/\/www.guachiman.net\/blog\/wp-content\/uploads\/2007\/12\/joomlalogo.jpg\" alt=\"Joomla Logo\" \/><\/p>\n<p>Casi todos mis proyectos est\u00e1n hechos en plataforma <a href=\"http:\/\/www.joomla.org\" target=\"_blank\">Joomla!<\/a> Para obtener toda la funcionabilidad que me propon\u00eda en todos ellos, usar un open source CMS era la opci\u00f3n m\u00e1s l\u00f3gica. Poco a poco he ido aprendiendo sobre PHP, MySQL y HTML din\u00e1mico, y he logrado vencer muchos obst\u00e1culos para lograr la est\u00e9tica y coherencia que quer\u00eda.<\/p>\n<p>En el \u00e1nimo de la comunidad OpenSource, y para ayudar a otros usuarios no expertos como yo, he decidido colocar una p\u00e1gina para compartir con todos mis &#8220;hacks&#8221;, m\u00f3dulos, traducciones, etc.<\/p>\n<p>Espero les sean \u00fatiles!<\/p>\n","protected":false},"excerpt":{"rendered":"<p>Casi todos mis proyectos est\u00e1n hechos en plataforma Joomla! Para obtener toda la funcionabilidad que me propon\u00eda en todos ellos, usar un open source CMS era la opci\u00f3n m\u00e1s l\u00f3gica. Poco a poco he ido aprendiendo sobre PHP, MySQL y HTML din\u00e1mico, y he logrado vencer muchos obst\u00e1culos para lograr la est\u00e9tica y coherencia que &hellip; <\/p>\n<p class=\"link-more\"><a href=\"https:\/\/www.guachiman.net\/blog\/jota\/\" class=\"more-link\">Continue reading<span class=\"screen-reader-text\"> &#8220;Jota!&#8221;<\/span><\/a><\/p>\n","protected":false},"author":1,"featured_media":0,"parent":0,"menu_order":0,"comment_status":"closed","ping_status":"closed","template":"","meta":{"footnotes":""},"class_list":["post-74","page","type-page","status-publish","hentry"],"_links":{"self":[{"href":"https:\/\/www.guachiman.net\/blog\/wp-json\/wp\/v2\/pages\/74","targetHints":{"allow":["GET"]}}],"collection":[{"href":"https:\/\/www.guachiman.net\/blog\/wp-json\/wp\/v2\/pages"}],"about":[{"href":"https:\/\/www.guachiman.net\/blog\/wp-json\/wp\/v2\/types\/page"}],"author":[{"embeddable":true,"href":"https:\/\/www.guachiman.net\/blog\/wp-json\/wp\/v2\/users\/1"}],"replies":[{"embeddable":true,"href":"https:\/\/www.guachiman.net\/blog\/wp-json\/wp\/v2\/comments?post=74"}],"version-history":[{"count":0,"href":"https:\/\/www.guachiman.net\/blog\/wp-json\/wp\/v2\/pages\/74\/revisions"}],"wp:attachment":[{"href":"https:\/\/www.guachiman.net\/blog\/wp-json\/wp\/v2\/media?parent=74"}],"curies":[{"name":"wp","href":"https:\/\/api.w.org\/{rel}","templated":true}]}}